{"id":109,"date":"2021-04-02T21:06:57","date_gmt":"2021-04-02T19:06:57","guid":{"rendered":"https:\/\/hemp-impact.com\/offer\/?post_type=product&#038;p=109"},"modified":"2021-04-02T21:07:01","modified_gmt":"2021-04-02T19:07:01","slug":"felina-32","status":"publish","type":"product","link":"https:\/\/hemp-impact.com\/offer\/?product=felina-32","title":{"rendered":"Felina 32"},"content":{"rendered":"<h3>Felina 32<\/h3>\n<p>Industrielle Sorte, Saatgut oder gemischt orientiert<\/p>\n<p>EINH\u00c4USIG<\/p>\n<p>Wachstumszyklus : 133 bis 138 Tage<br \/>\n(f\u00fcr die Ernte von Druschfr\u00fcchten, auf dem Breitengrad von Le Mans)<\/p>\n<p>Felina 32, die durch ihren CBD-Gehalt attraktiv und mit Fedora 17 vergleichbar ist, kann in niedrigeren Breitengraden angebaut werden, wo sie das Doppelziel einer optimalen Saatgut- und Strohproduktion gew\u00e4hrleistet.<\/p>\n<h3>FELINA 32 EIGENSCHAFTEN<\/h3>\n<p>&nbsp;<\/p>\n<h4>Saatgut-Qualit\u00e4t<\/h4>\n<p>Saatgutqualit\u00e4t : die durchschnittliche Keimf\u00e4higkeit f\u00fcr die letzten 10 Jahre (unter Ber\u00fccksichtigung der Tatsache, dass die Standards f\u00fcr die Saatgutzertifizierung eine Keimf\u00e4higkeit von mindestens 75 % erfordern)<\/p>\n<p>Keimf\u00e4higkeit :\u00a090,2 %<\/p>\n<h4>Eigenschaften der Sorte<\/h4>\n<ul>\n<li>Typ : Einh\u00e4usig<\/li>\n<li>Gehalt : in \u03949-THC &lt; 0,2 %<\/li>\n<\/ul>\n<h4>Vollbl\u00fctezeitpunkt<\/h4>\n<p>Fr\u00fch-\/Mittelbl\u00fcte : Vollbl\u00fctezeitpunkt beobachtet am 08. August*<br \/>\n(auf dem Breitengrad von Le Mans)<\/p>\n<h4>Saatgutzusammensetzung:<\/h4>\n<p>F\u00fcr Anwendungen im Agrar- und Kosmetikbereich:<\/p>\n<ul>\n<li>\u00d6lgehalt : 33,6%<\/li>\n<li>Omega-3-Gehalt : 15,3%<\/li>\n<li>Omega-6-Gehalt : 59,9%<\/li>\n<li>Protein-Gehalt : 24,7%<\/li>\n<\/ul>\n","protected":false},"excerpt":{"rendered":"<p>Felina 32, die durch ihren CBD-Gehalt attraktiv und mit Fedora 17 vergleichbar ist, kann in niedrigeren Breitengraden angebaut werden, wo sie das Doppelziel einer optimalen Saatgut- und Strohproduktion gew\u00e4hrleistet.<\/p>\n","protected":false},"featured_media":111,"comment_status":"closed","ping_status":"closed","template":"","meta":[],"class_list":{"0":"post-109","1":"product","2":"type-product","3":"status-publish","4":"has-post-thumbnail","6":"product_cat-hanfsaatgut","7":"product_cat-mehrfachnutzung","8":"has-post-title","9":"has-post-date","10":"has-post-category","11":"has-post-tag","12":"has-post-comment","13":"has-post-author","14":"","16":"first","17":"instock","18":"shipping-taxable","19":"purchasable","20":"product-type-variable","21":"has-default-attributes"},"builder_content":"","_links":{"self":[{"href":"https:\/\/hemp-impact.com\/offer\/index.php?rest_route=\/wp\/v2\/product\/109","targetHints":{"allow":["GET"]}}],"collection":[{"href":"https:\/\/hemp-impact.com\/offer\/index.php?rest_route=\/wp\/v2\/product"}],"about":[{"href":"https:\/\/hemp-impact.com\/offer\/index.php?rest_route=\/wp\/v2\/types\/product"}],"replies":[{"embeddable":true,"href":"https:\/\/hemp-impact.com\/offer\/index.php?rest_route=%2Fwp%2Fv2%2Fcomments&post=109"}],"wp:featuredmedia":[{"embeddable":true,"href":"https:\/\/hemp-impact.com\/offer\/index.php?rest_route=\/wp\/v2\/media\/111"}],"wp:attachment":[{"href":"https:\/\/hemp-impact.com\/offer\/index.php?rest_route=%2Fwp%2Fv2%2Fmedia&parent=109"}],"curies":[{"name":"wp","href":"https:\/\/api.w.org\/{rel}","templated":true}]}}