{"id":129,"date":"2021-04-02T21:07:00","date_gmt":"2021-04-02T19:07:00","guid":{"rendered":"https:\/\/hemp-impact.com\/offer\/?post_type=product&#038;p=129"},"modified":"2021-04-02T21:07:01","modified_gmt":"2021-04-02T19:07:01","slug":"uso-31-oeko","status":"publish","type":"product","link":"https:\/\/hemp-impact.com\/offer\/?product=uso-31-oeko","title":{"rendered":"Uso 31 \u00d6ko"},"content":{"rendered":"<h3>Uso 31 \u00d6ko<\/h3>\n<p>Industrielle Sorte, Saatgut oder gemischt orientiert<\/p>\n<p>EINH\u00c4USIG<\/p>\n<p>Wachstumszyklus : 122 bis 127 Tage<br \/>\n(f\u00fcr die Ernte von Druschfr\u00fcchten, auf dem Breitengrad von Le Mans)<\/p>\n<p>USO 31 \u00d6ko ist der perfekte Kompromiss zwischen einer fr\u00fchen Samenernte und einer Ernte mit hohem Fasergehalt. In Nordeuropa ist sie eine der einzigen Varianten, die f\u00fcr eine fr\u00fche Ernte geeignet ist und eine Saatguternte bei optimalen Wetterbedingungen erm\u00f6glicht.<\/p>\n<h3>USO 31 \u00d6ko EIGENSCHAFTEN<\/h3>\n<h4>Saatgut-Qualit\u00e4t<\/h4>\n<p>Saatgutqualit\u00e4t : die durchschnittliche Keimf\u00e4higkeit f\u00fcr die letzten 10 Jahre (unter Ber\u00fccksichtigung der Tatsache, dass die Standards f\u00fcr die Saatgutzertifizierung eine Keimf\u00e4higkeit von mindestens 75 % erfordern)<\/p>\n<p>Keimf\u00e4higkeit :\u00a086,2 %<\/p>\n<h4>Eigenschaften der Sorte<\/h4>\n<ul>\n<li>Typ : Einh\u00e4usig<\/li>\n<li>Gehalt : in \u03949-THC &lt; 0,2 %<\/li>\n<\/ul>\n<h4>Fruchtreife:<\/h4>\n<p>Fr\u00fchbl\u00fchend : Zeitpunkt der Vollbl\u00fcte festgestellt am 28. Juli*&#8217;<br \/>\n(auf dem Breitengrad von Le Mans)<\/p>\n<p>&nbsp;<\/p>\n<h4>Saatgutzusammensetzung:<\/h4>\n<p>F\u00fcr landwirtschaftliche und kosmetische Anwendungen:<\/p>\n<ul>\n<li>\u00d6lgehalt : 31,3%<\/li>\n<li>Omega-3-Gehalt : 15,7%<\/li>\n<li>Omega-6-Gehalt : 57,7%<\/li>\n<li>Protein-Gehalt : 23,8%<\/li>\n<\/ul>\n","protected":false},"excerpt":{"rendered":"<p>USO 31 \u00d6ko ist der perfekte Kompromiss zwischen einer fr\u00fchen Samenernte und einer Ernte mit hohem Fasergehalt. In Nordeuropa ist sie eine der einzigen Varianten, die f\u00fcr eine fr\u00fche Ernte geeignet ist und eine Saatguternte bei optimalen Wetterbedingungen erm\u00f6glicht.<\/p>\n","protected":false},"featured_media":79,"comment_status":"closed","ping_status":"closed","template":"","meta":[],"class_list":{"0":"post-129","1":"product","2":"type-product","3":"status-publish","4":"has-post-thumbnail","6":"product_cat-hanfsaatgut","7":"product_cat-mehrfachnutzung","8":"has-post-title","9":"has-post-date","10":"has-post-category","11":"has-post-tag","12":"has-post-comment","13":"has-post-author","14":"","16":"first","17":"instock","18":"shipping-taxable","19":"purchasable","20":"product-type-variable","21":"has-default-attributes"},"builder_content":"","_links":{"self":[{"href":"https:\/\/hemp-impact.com\/offer\/index.php?rest_route=\/wp\/v2\/product\/129","targetHints":{"allow":["GET"]}}],"collection":[{"href":"https:\/\/hemp-impact.com\/offer\/index.php?rest_route=\/wp\/v2\/product"}],"about":[{"href":"https:\/\/hemp-impact.com\/offer\/index.php?rest_route=\/wp\/v2\/types\/product"}],"replies":[{"embeddable":true,"href":"https:\/\/hemp-impact.com\/offer\/index.php?rest_route=%2Fwp%2Fv2%2Fcomments&post=129"}],"wp:featuredmedia":[{"embeddable":true,"href":"https:\/\/hemp-impact.com\/offer\/index.php?rest_route=\/wp\/v2\/media\/79"}],"wp:attachment":[{"href":"https:\/\/hemp-impact.com\/offer\/index.php?rest_route=%2Fwp%2Fv2%2Fmedia&parent=129"}],"curies":[{"name":"wp","href":"https:\/\/api.w.org\/{rel}","templated":true}]}}