{"id":160,"date":"2021-04-02T21:07:02","date_gmt":"2021-04-02T19:07:02","guid":{"rendered":"https:\/\/hemp-impact.com\/offer\/?post_type=product&#038;p=160"},"modified":"2021-04-02T21:07:04","modified_gmt":"2021-04-02T19:07:04","slug":"fibror-79","status":"publish","type":"product","link":"https:\/\/hemp-impact.com\/offer\/?product=fibror-79","title":{"rendered":"Fibror 79"},"content":{"rendered":"<h3>Fibror 79<\/h3>\n<p><span style=\"font-weight: 400;\">Fasern, Premium-Sorte<\/span><\/p>\n<p><span style=\"font-weight: 400;\">EINH\u00c4USIG<\/span><\/p>\n<p><span style=\"font-weight: 400;\">Wachstumszyklus : 101 bis 106 Tage<\/span><\/p>\n<p><span style=\"font-weight: 400;\">(f\u00fcr ungedroschene Ernte, auf dem Breitengrad von Le Mans)<\/span><\/p>\n<p><span style=\"font-weight: 400;\">Fibror 79 ist eine gelbfarbige Sorte, die ausschlie\u00dflich auf Faserertr\u00e4ge gez\u00fcchtet wurde. Ihre entscheidende Eigenschaft ist M\u00f6glichkeit, die Kosten f\u00fcr die Strohverarbeitung zu reduzieren. Sie kann in jeder geografischen Lage angebaut werden.<\/span><\/p>\n<h4><strong>EIGENSCHAFTEN VON FIBROR 79<\/strong><\/h4>\n<p><span style=\"font-weight: 400;\">Saatgutqualit\u00e4t : die durchschnittliche Keimf\u00e4higkeit f\u00fcr die letzten 10 Jahre (unter Ber\u00fccksichtigung der Tatsache, dass die Standards f\u00fcr die Saatgutzertifizierung eine Keimf\u00e4higkeit von mindestens 75 % erfordern)<\/span><\/p>\n<h4><b>Saatgut-Qualit\u00e4t<\/b><\/h4>\n<p><span style=\"font-weight: 400;\">Keimf\u00e4higkeit : 85,9%<\/span><\/p>\n<h4><b>Eigenschaften der Sorte<\/b><\/h4>\n<p><span style=\"font-weight: 400;\">Typ : Einh\u00e4usig<\/span><\/p>\n<p><span style=\"font-weight: 400;\">Gehalt : in \u03949-THC &lt; 0,2%<\/span><\/p>\n<p><span style=\"font-weight: 400;\">Faserpotenzial : Reichhaltig<\/span><\/p>\n<h4><b>Fruchtreife:<\/b><\/h4>\n<p><span style=\"font-weight: 400;\">Sp\u00e4tbl\u00fcher : Vollbl\u00fctigkeit festgestellt am 22. August*<\/span><\/p>\n<p><span style=\"font-weight: 400;\">(auf dem Breitengrad von Le Mans)<\/span><\/p>\n","protected":false},"excerpt":{"rendered":"<p>Fibror 79 ist eine gelbfarbige Sorte, die ausschlie\u00dflich auf Faserertr\u00e4ge gez\u00fcchtet wurde. Ihre entscheidende Eigenschaft ist M\u00f6glichkeit, die Kosten f\u00fcr die Strohverarbeitung zu reduzieren. Sie kann in jeder geografischen Lage angebaut werden.<\/p>\n","protected":false},"featured_media":171,"comment_status":"closed","ping_status":"closed","template":"","meta":[],"class_list":{"0":"post-160","1":"product","2":"type-product","3":"status-publish","4":"has-post-thumbnail","6":"product_cat-cbd","7":"product_cat-faser","8":"product_cat-hanfsaatgut","9":"product_tag-cbd","10":"product_tag-faser","11":"has-post-title","12":"has-post-date","13":"has-post-category","14":"has-post-tag","15":"has-post-comment","16":"has-post-author","17":"","19":"first","20":"instock","21":"sold-individually","22":"shipping-taxable","23":"purchasable","24":"product-type-variable","25":"has-default-attributes"},"builder_content":"","_links":{"self":[{"href":"https:\/\/hemp-impact.com\/offer\/index.php?rest_route=\/wp\/v2\/product\/160","targetHints":{"allow":["GET"]}}],"collection":[{"href":"https:\/\/hemp-impact.com\/offer\/index.php?rest_route=\/wp\/v2\/product"}],"about":[{"href":"https:\/\/hemp-impact.com\/offer\/index.php?rest_route=\/wp\/v2\/types\/product"}],"replies":[{"embeddable":true,"href":"https:\/\/hemp-impact.com\/offer\/index.php?rest_route=%2Fwp%2Fv2%2Fcomments&post=160"}],"wp:featuredmedia":[{"embeddable":true,"href":"https:\/\/hemp-impact.com\/offer\/index.php?rest_route=\/wp\/v2\/media\/171"}],"wp:attachment":[{"href":"https:\/\/hemp-impact.com\/offer\/index.php?rest_route=%2Fwp%2Fv2%2Fmedia&parent=160"}],"curies":[{"name":"wp","href":"https:\/\/api.w.org\/{rel}","templated":true}]}}