{"id":180,"date":"2021-04-02T21:07:05","date_gmt":"2021-04-02T19:07:05","guid":{"rendered":"https:\/\/hemp-impact.com\/offer\/?post_type=product&#038;p=180"},"modified":"2021-04-02T21:07:07","modified_gmt":"2021-04-02T19:07:07","slug":"santhica-70","status":"publish","type":"product","link":"https:\/\/hemp-impact.com\/offer\/?product=santhica-70","title":{"rendered":"Santhica 70"},"content":{"rendered":"<h3>Santhica 70<\/h3>\n<p>Fasern, Premium-Sorte<\/p>\n<p>EINH\u00c4USIG<\/p>\n<p>Wachstumszyklus : 97 bis 102 Tage<br \/>\n(f\u00fcr die Ernte im ungedroschenen Zustand, auf dem Breitengrad von Le Mans)<\/p>\n<p>Mit einer breiteren geografischen Zone als Santhica 27 und nutzbar in S\u00fcdeuropa, ist Santhica 70 eine Sorte, die ausschlie\u00dflich auf Faser Ertrag ausgerichtet ist.<\/p>\n<h3>Santhica 70 EIGENSCHAFTEN<\/h3>\n<h4>Saatgut-Qualit\u00e4t<\/h4>\n<p>Saatgutqualit\u00e4t : die durchschnittliche Keimf\u00e4higkeit f\u00fcr die letzten 10 Jahre (unter Ber\u00fccksichtigung der Tatsache, dass die Standards f\u00fcr die Saatgutzertifizierung eine Keimf\u00e4higkeit von mindestens 75 % erfordern)<\/p>\n<p>Keimf\u00e4higkeit : \u00a089,6%<\/p>\n<h4>Eigenschaften der Sorte<\/h4>\n<ul>\n<li>Typ : Einh\u00e4usig<\/li>\n<li>Gehalt : in \u03949-THC &lt; 0,2 %<\/li>\n<li>Faserpotential : Hoher Fasergehalt<\/li>\n<li>CBD : Sehr niedrig<\/li>\n<\/ul>\n<h4><b>Fruchtreife<\/b><\/h4>\n<p>Sp\u00e4tbl\u00fchend : Voller Bl\u00fchtermin festgestellt am 17. August<br \/>\n(auf dem Breitengrad von Le Mans)<\/p>\n","protected":false},"excerpt":{"rendered":"<p>Mit einer breiteren geografischen Zone als Santhica 27 und nutzbar in S\u00fcdeuropa, ist Santhica 70 eine Sorte, die ausschlie\u00dflich auf Faser Ertrag ausgerichtet ist.<\/p>\n","protected":false},"featured_media":203,"comment_status":"closed","ping_status":"closed","template":"","meta":[],"class_list":{"0":"post-180","1":"product","2":"type-product","3":"status-publish","4":"has-post-thumbnail","6":"product_cat-faser","7":"product_cat-hanfsaatgut","8":"product_tag-faser","9":"has-post-title","10":"has-post-date","11":"has-post-category","12":"has-post-tag","13":"has-post-comment","14":"has-post-author","15":"","17":"first","18":"instock","19":"shipping-taxable","20":"purchasable","21":"product-type-variable","22":"has-default-attributes"},"builder_content":"","_links":{"self":[{"href":"https:\/\/hemp-impact.com\/offer\/index.php?rest_route=\/wp\/v2\/product\/180","targetHints":{"allow":["GET"]}}],"collection":[{"href":"https:\/\/hemp-impact.com\/offer\/index.php?rest_route=\/wp\/v2\/product"}],"about":[{"href":"https:\/\/hemp-impact.com\/offer\/index.php?rest_route=\/wp\/v2\/types\/product"}],"replies":[{"embeddable":true,"href":"https:\/\/hemp-impact.com\/offer\/index.php?rest_route=%2Fwp%2Fv2%2Fcomments&post=180"}],"wp:featuredmedia":[{"embeddable":true,"href":"https:\/\/hemp-impact.com\/offer\/index.php?rest_route=\/wp\/v2\/media\/203"}],"wp:attachment":[{"href":"https:\/\/hemp-impact.com\/offer\/index.php?rest_route=%2Fwp%2Fv2%2Fmedia&parent=180"}],"curies":[{"name":"wp","href":"https:\/\/api.w.org\/{rel}","templated":true}]}}