{"id":198,"date":"2021-04-02T21:07:05","date_gmt":"2021-04-02T19:07:05","guid":{"rendered":"https:\/\/hemp-impact.com\/offer\/?post_type=product&#038;p=198"},"modified":"2021-04-02T21:07:08","modified_gmt":"2021-04-02T19:07:08","slug":"orion-33","status":"publish","type":"product","link":"https:\/\/hemp-impact.com\/offer\/?product=orion-33","title":{"rendered":"Orion 33"},"content":{"rendered":"<h3><b>Orion 33<\/b><\/h3>\n<p>Industrielle Sorte, Saatgut oder gemischt orientiert<\/p>\n<p>EINH\u00c4USIG<\/p>\n<p>Wachstumszyklus : 138 bis 143 Tage<br \/>\n(f\u00fcr die Ernte von Druschfr\u00fcchten, auf dem Breitengrad von Le Mans)<\/p>\n<p>Orion 33 ist die neue besenreisertolerante Sorte. Orion 33 kann in Gebieten mit geringem Befall ohne Ertragseinbu\u00dfen angebaut werden und Verlangsamt gleichzeitig die Entwicklung des Sch\u00e4dlings.<\/p>\n<h3><b>Orion 33 <\/b>EIGENSCHAFTEN<\/h3>\n<h4>Saatgut-Qualit\u00e4t<\/h4>\n<p>Saatgutqualit\u00e4t : die durchschnittliche Keimf\u00e4higkeit f\u00fcr die letzten 10 Jahre (unter Ber\u00fccksichtigung der Tatsache, dass die Standards f\u00fcr die Saatgutzertifizierung eine Keimf\u00e4higkeit von mindestens 75 % erfordern)<\/p>\n<p>Keimf\u00e4higkeit : n.a.<\/p>\n<h4>Eigenschaften der Sorte<\/h4>\n<ul>\n<li>Typ : Einh\u00e4usig<\/li>\n<li>Gehalt : in \u03949-THC &lt; 0,2 %<\/li>\n<\/ul>\n<h4>Fruchtreife<\/h4>\n<p>Fr\u00fchbl\u00fchend : Zeitpunkt der Vollbl\u00fcte festgestellt am 14. August*<br \/>\n(auf dem Breitengrad von Le Mans)<\/p>\n<h4>Saatgutzusammensetzung<\/h4>\n<p>F\u00fcr landwirtschaftliche und kosmetische Anwendungen:<\/p>\n<ul>\n<li>\u00d6lgehalt : 29,5%<\/li>\n<li>Omega 3-Gehalt : 16,2%<\/li>\n<li>Omega-6-Gehalt : 58,1%<\/li>\n<li>Protein-Gehalt : 25,1%<\/li>\n<\/ul>\n","protected":false},"excerpt":{"rendered":"<p>Orion 33 ist die neue besenreisertolerante Sorte. Orion 33 kann in Gebieten mit geringem Befall ohne Ertragseinbu\u00dfen angebaut werden und Verlangsamt gleichzeitig die Entwicklung des Sch\u00e4dlings.<\/p>\n","protected":false},"featured_media":79,"comment_status":"closed","ping_status":"closed","template":"","meta":[],"class_list":{"0":"post-198","1":"product","2":"type-product","3":"status-publish","4":"has-post-thumbnail","6":"product_cat-hanfsaatgut","7":"product_cat-mehrfachnutzung","8":"product_tag-mehrfachnutzung","9":"has-post-title","10":"has-post-date","11":"has-post-category","12":"has-post-tag","13":"has-post-comment","14":"has-post-author","15":"","17":"first","18":"instock","19":"shipping-taxable","20":"purchasable","21":"product-type-variable","22":"has-default-attributes"},"builder_content":"","_links":{"self":[{"href":"https:\/\/hemp-impact.com\/offer\/index.php?rest_route=\/wp\/v2\/product\/198","targetHints":{"allow":["GET"]}}],"collection":[{"href":"https:\/\/hemp-impact.com\/offer\/index.php?rest_route=\/wp\/v2\/product"}],"about":[{"href":"https:\/\/hemp-impact.com\/offer\/index.php?rest_route=\/wp\/v2\/types\/product"}],"replies":[{"embeddable":true,"href":"https:\/\/hemp-impact.com\/offer\/index.php?rest_route=%2Fwp%2Fv2%2Fcomments&post=198"}],"wp:featuredmedia":[{"embeddable":true,"href":"https:\/\/hemp-impact.com\/offer\/index.php?rest_route=\/wp\/v2\/media\/79"}],"wp:attachment":[{"href":"https:\/\/hemp-impact.com\/offer\/index.php?rest_route=%2Fwp%2Fv2%2Fmedia&parent=198"}],"curies":[{"name":"wp","href":"https:\/\/api.w.org\/{rel}","templated":true}]}}