{"id":47,"date":"2021-04-02T21:06:54","date_gmt":"2021-04-02T19:06:54","guid":{"rendered":"https:\/\/hemp-impact.com\/offer\/?post_type=product&#038;p=47"},"modified":"2021-04-02T21:07:04","modified_gmt":"2021-04-02T19:07:04","slug":"futura-75","status":"publish","type":"product","link":"https:\/\/hemp-impact.com\/offer\/?product=futura-75","title":{"rendered":"Futura 75"},"content":{"rendered":"<h3>FUTURA 75<\/h3>\n<p>Industrielle Sorte, Stroh<\/p>\n<p>EINH\u00c4USIG<\/p>\n<p>Wachstumszyklus : 97 bis 102 Tage<br \/>\n(f\u00fcr Ernte ohne Stroh, auf dem Breitengrad von Le Mans)<\/p>\n<p>Futura 75 ist die einzige Sorte, die dem Erzeuger in S\u00fcdeuropa ein doppeltes Einkommen aus Stroh und Saatgut erm\u00f6glicht. Sie ist auch wegen ihres CBD-Ertrags (Gehalt und Biomasse) attraktiv.<\/p>\n<h3>FUTURA 75 EIGENSCHAFTEN<\/h3>\n<h4>Saatgut-Qualit\u00e4t<\/h4>\n<p>Saatgutqualit\u00e4t : die durchschnittliche Keimf\u00e4higkeit f\u00fcr die letzten 10 Jahre (unter Ber\u00fccksichtigung der Tatsache, dass die Standards f\u00fcr die Saatgutzertifizierung eine Keimf\u00e4higkeit von mindestens 75 % erfordern)<\/p>\n<p>Keimf\u00e4higkeit : 89,4 %<\/p>\n<h4>Eigenschaften der Sorte<\/h4>\n<ul>\n<li>Typ : Einh\u00e4usig<\/li>\n<li>Gehalt : in \u03949-THC &lt; 0,2 %<\/li>\n<li>Strohpotential : Hoher Ertrag<\/li>\n<\/ul>\n<h4><b>Fruchtreife<\/b><\/h4>\n<p>Sp\u00e4tbl\u00fchend : Vollbl\u00fctezeitpunkt beobachtet am 16. August*<br \/>\n(auf dem Breitengrad von Le Mans)<\/p>\n","protected":false},"excerpt":{"rendered":"<p>Futura 75 ist die einzige Sorte, die dem Erzeuger in S\u00fcdeuropa ein doppeltes Einkommen aus Stroh und Saatgut erm\u00f6glicht. Sie ist auch wegen ihres CBD-Ertrags (Gehalt und Biomasse) attraktiv.<\/p>\n","protected":false},"featured_media":141,"comment_status":"closed","ping_status":"closed","template":"","meta":[],"class_list":{"0":"post-47","1":"product","2":"type-product","3":"status-publish","4":"has-post-thumbnail","6":"product_cat-hanfsaatgut","7":"product_cat-mehrfachnutzung","8":"has-post-title","9":"has-post-date","10":"has-post-category","11":"has-post-tag","12":"has-post-comment","13":"has-post-author","14":"","16":"first","17":"instock","18":"shipping-taxable","19":"purchasable","20":"product-type-variable","21":"has-default-attributes"},"builder_content":"","_links":{"self":[{"href":"https:\/\/hemp-impact.com\/offer\/index.php?rest_route=\/wp\/v2\/product\/47","targetHints":{"allow":["GET"]}}],"collection":[{"href":"https:\/\/hemp-impact.com\/offer\/index.php?rest_route=\/wp\/v2\/product"}],"about":[{"href":"https:\/\/hemp-impact.com\/offer\/index.php?rest_route=\/wp\/v2\/types\/product"}],"replies":[{"embeddable":true,"href":"https:\/\/hemp-impact.com\/offer\/index.php?rest_route=%2Fwp%2Fv2%2Fcomments&post=47"}],"wp:featuredmedia":[{"embeddable":true,"href":"https:\/\/hemp-impact.com\/offer\/index.php?rest_route=\/wp\/v2\/media\/141"}],"wp:attachment":[{"href":"https:\/\/hemp-impact.com\/offer\/index.php?rest_route=%2Fwp%2Fv2%2Fmedia&parent=47"}],"curies":[{"name":"wp","href":"https:\/\/api.w.org\/{rel}","templated":true}]}}