{"id":60,"date":"2021-04-02T21:06:54","date_gmt":"2021-04-02T19:06:54","guid":{"rendered":"https:\/\/hemp-impact.com\/offer\/?post_type=product&#038;p=60"},"modified":"2021-04-02T21:07:04","modified_gmt":"2021-04-02T19:07:04","slug":"futura-83","status":"publish","type":"product","link":"https:\/\/hemp-impact.com\/offer\/?product=futura-83","title":{"rendered":"Futura 83"},"content":{"rendered":"<h3><b>Futura 83<\/b><\/h3>\n<p>Industrielle Sorte, Stroh<\/p>\n<p>EINH\u00c4USIG<\/p>\n<p>Wachstumszyklus : 112 bis 117 Tage<br \/>\n(F\u00fcr die Ernte von Druschfr\u00fcchten, auf dem Breitengrad von Le Mans)<\/p>\n<p>Dank des sp\u00e4ten Bl\u00fchzyklus ist Futura 83 ideal f\u00fcr die Biomasseproduktion in S\u00fcdeuropa oder in exotischeren Breitengraden.<\/p>\n<h3><b>Futura 83<\/b> EIGENSCHAFTEN<\/h3>\n<h4>Saatgut-Qualit\u00e4t<\/h4>\n<p>Saatgutqualit\u00e4t : die durchschnittliche Keimf\u00e4higkeit f\u00fcr die letzten 10 Jahre (unter Ber\u00fccksichtigung der Tatsache, dass die Standards f\u00fcr die Saatgutzertifizierung eine Keimf\u00e4higkeit von mindestens 75 % erfordern)<\/p>\n<p>Keimf\u00e4higkeit : n.a.<\/p>\n<h4>Eigenschaften der Sorte<\/h4>\n<ul>\n<li>Typ : Einh\u00e4usig<\/li>\n<li>Gehalt : in \u03949-THC &lt; 0,2 %<\/li>\n<\/ul>\n<h4><b>Fruchtreife<\/b><\/h4>\n<p>Sehr sp\u00e4t bl\u00fchend : Vollbl\u00fctigkeitsdatum beobachtet am 29. August*<br \/>\n(auf dem Breitengrad von Le Mans)<\/p>\n","protected":false},"excerpt":{"rendered":"<p>Lorem ipsum dolor sit amet, consetetur sadipscing elitr, sed diam nonumy eirmod tempor invidunt ut labore et dolore magna aliquyam erat, sed diam voluptua. Lorem ipsum dolor sit amet, consetetur sadipscin<\/p>\n","protected":false},"featured_media":79,"comment_status":"closed","ping_status":"closed","template":"","meta":[],"class_list":{"0":"post-60","1":"product","2":"type-product","3":"status-publish","4":"has-post-thumbnail","6":"product_cat-hanfsaatgut","7":"product_cat-mehrfachnutzung","8":"has-post-title","9":"has-post-date","10":"has-post-category","11":"has-post-tag","12":"has-post-comment","13":"has-post-author","14":"","16":"first","17":"instock","18":"shipping-taxable","19":"purchasable","20":"product-type-variable","21":"has-default-attributes"},"builder_content":"","_links":{"self":[{"href":"https:\/\/hemp-impact.com\/offer\/index.php?rest_route=\/wp\/v2\/product\/60","targetHints":{"allow":["GET"]}}],"collection":[{"href":"https:\/\/hemp-impact.com\/offer\/index.php?rest_route=\/wp\/v2\/product"}],"about":[{"href":"https:\/\/hemp-impact.com\/offer\/index.php?rest_route=\/wp\/v2\/types\/product"}],"replies":[{"embeddable":true,"href":"https:\/\/hemp-impact.com\/offer\/index.php?rest_route=%2Fwp%2Fv2%2Fcomments&post=60"}],"wp:featuredmedia":[{"embeddable":true,"href":"https:\/\/hemp-impact.com\/offer\/index.php?rest_route=\/wp\/v2\/media\/79"}],"wp:attachment":[{"href":"https:\/\/hemp-impact.com\/offer\/index.php?rest_route=%2Fwp%2Fv2%2Fmedia&parent=60"}],"curies":[{"name":"wp","href":"https:\/\/api.w.org\/{rel}","templated":true}]}}