{"id":71,"date":"2021-04-02T21:06:54","date_gmt":"2021-04-02T19:06:54","guid":{"rendered":"https:\/\/hemp-impact.com\/offer\/?post_type=product&#038;p=71"},"modified":"2021-04-02T21:06:59","modified_gmt":"2021-04-02T19:06:59","slug":"finola","status":"publish","type":"product","link":"https:\/\/hemp-impact.com\/offer\/?product=finola","title":{"rendered":"Finola"},"content":{"rendered":"<h3><b>FINOLA<\/b><\/h3>\n<p><span style=\"font-weight: 400;\">Samen und CBD, Premium-Sorte<\/span><\/p>\n<p><span style=\"font-weight: 400;\">Zweih\u00e4usig<\/span><\/p>\n<p><span style=\"font-weight: 400;\">Wachstumszyklus : 50 &#8211; 60 Tage<br \/>\n<\/span><span style=\"font-weight: 400;\">(f\u00fcr ungedroschene Ernte, auf dem Breitengrad von Le Mans)<\/span><\/p>\n<p><span style=\"font-weight: 400;\">FINOLA ist eine \u00d6lsaatenhanfsorte, die in Finnland entwickelt wurde. Sie ist eine kurze, zweih\u00e4usige, selbstbl\u00fchende und fr\u00fch reifende Hanfsaat. Das Korn (genannt &#8220;Hanfsamen&#8221;) wird mit einem konventionellen M\u00e4hdrescher geerntet. Im Hinblick auf den Kornertrag ist sie immer noch die produktivste Sorte f\u00fcr K\u00f6rner.<\/span><\/p>\n<h3><b>FINOLA <\/b><b>EIGENSCHAFTEN<\/b><\/h3>\n<h4><b>Saatgut-Qualit\u00e4t<\/b><\/h4>\n<h4><b>Saatgutqualit\u00e4t : die durchschnittliche Keimf\u00e4higkeit f\u00fcr die letzten 10 Jahre (unter Ber\u00fccksichtigung der Tatsache, dass die Standards f\u00fcr die Saatgutzertifizierung eine Keimf\u00e4higkeit von mindestens 75 % erfordern)<\/b><\/h4>\n<p><span style=\"font-weight: 400;\">Keimf\u00e4higkeit : 94 %<\/span><\/p>\n<h4><b>Eigenschaften der Sorte<\/b><\/h4>\n<ul>\n<li style=\"font-weight: 400;\" aria-level=\"1\"><span style=\"font-weight: 400;\">Typ : <\/span><span style=\"font-weight: 400;\">Zweih\u00e4usig\u00a0<\/span><\/li>\n<li style=\"font-weight: 400;\" aria-level=\"1\"><span style=\"font-weight: 400;\">Gehalt : in \u03949-THC &lt; 0,2%<\/span><\/li>\n<\/ul>\n<h4><b>Fruchtreife:<\/b><\/h4>\n<p><span style=\"font-weight: 400;\">Sehr fr\u00fchbl\u00fchend<\/span><\/p>\n<p><span style=\"font-weight: 400;\">(auf dem Breitengrad von Le Mans)<\/span><\/p>\n<h4><b>Saatgutzusammensetzung:<\/b><\/h4>\n<p><span style=\"font-weight: 400;\">F\u00fcr landwirtschaftliche und kosmetische Anwendungen finden Sie nachfolgend Informationen zur Saatgutzusammensetzung:<\/span><\/p>\n<p><span style=\"font-weight: 400;\">\u00d6l Inhalt: 35%<\/span><\/p>\n<p><span style=\"font-weight: 400;\">Omega-3, -6 &amp; -9<\/span><\/p>\n<p><span style=\"font-weight: 400;\">Protein Inhalt: 25%<\/span><\/p>\n","protected":false},"excerpt":{"rendered":"<p><span style=\"font-weight: 400;\">FINOLA ist eine \u00d6lsaatenhanfsorte, die in Finnland entwickelt wurde. Sie ist eine kurze, zweih\u00e4usige, selbstbl\u00fchende und fr\u00fch reifende Hanfsaat. Das Korn (genannt &#8220;Hanfsamen&#8221;) wird mit einem konventionellen M\u00e4hdrescher geerntet. Im Hinblick auf den Kornertrag ist sie immer noch die produktivste Sorte f\u00fcr K\u00f6rner.<\/span><\/p>\n","protected":false},"featured_media":79,"comment_status":"closed","ping_status":"closed","template":"","meta":[],"class_list":{"0":"post-71","1":"product","2":"type-product","3":"status-publish","4":"has-post-thumbnail","6":"product_cat-cbd","7":"product_cat-hanfsaatgut","8":"product_cat-koerner","9":"has-post-title","10":"has-post-date","11":"has-post-category","12":"has-post-tag","13":"has-post-comment","14":"has-post-author","15":"","17":"first","18":"instock","19":"shipping-taxable","20":"purchasable","21":"product-type-variable","22":"has-default-attributes"},"builder_content":"","_links":{"self":[{"href":"https:\/\/hemp-impact.com\/offer\/index.php?rest_route=\/wp\/v2\/product\/71","targetHints":{"allow":["GET"]}}],"collection":[{"href":"https:\/\/hemp-impact.com\/offer\/index.php?rest_route=\/wp\/v2\/product"}],"about":[{"href":"https:\/\/hemp-impact.com\/offer\/index.php?rest_route=\/wp\/v2\/types\/product"}],"replies":[{"embeddable":true,"href":"https:\/\/hemp-impact.com\/offer\/index.php?rest_route=%2Fwp%2Fv2%2Fcomments&post=71"}],"wp:featuredmedia":[{"embeddable":true,"href":"https:\/\/hemp-impact.com\/offer\/index.php?rest_route=\/wp\/v2\/media\/79"}],"wp:attachment":[{"href":"https:\/\/hemp-impact.com\/offer\/index.php?rest_route=%2Fwp%2Fv2%2Fmedia&parent=71"}],"curies":[{"name":"wp","href":"https:\/\/api.w.org\/{rel}","templated":true}]}}