{"id":91,"date":"2021-04-02T21:06:56","date_gmt":"2021-04-02T19:06:56","guid":{"rendered":"https:\/\/hemp-impact.com\/offer\/?post_type=product&#038;p=91"},"modified":"2021-04-02T21:06:59","modified_gmt":"2021-04-02T19:06:59","slug":"fedora-17","status":"publish","type":"product","link":"https:\/\/hemp-impact.com\/offer\/?product=fedora-17","title":{"rendered":"Fedora 17"},"content":{"rendered":"<h3>F\u00c9DORA 17<\/h3>\n<p>Industrielle Sorte, Saatgut oder gemischt orientiert<\/p>\n<p>EINH\u00c4USIG<\/p>\n<p>Wachstumszyklus : 129 bis 134 Tage<br \/>\n(f\u00fcr die Ernte von Druschfr\u00fcchten, auf dem Breitengrad von Le Mans)<\/p>\n<p>Fedora 17 liefert beeindruckende Samenertr\u00e4ge und bietet gleichzeitig den gro\u00dfen Vorteil der Strohproduktion. Sie ist eine ausgezeichnete Wahl f\u00fcr Landwirte, die eine Ernte mit minimalen Risiken in Bezug auf Fasern (geringerer Fasergehalt als Ferimon) und Samen mit betr\u00e4chtlichem CBD-Gehalt suchen.<\/p>\n<h3>FEDORA 17 EIGENSCHAFTEN<\/h3>\n<p>Saatgutqualit\u00e4t : die durchschnittliche Keimf\u00e4higkeit f\u00fcr die letzten 10 Jahre (unter Ber\u00fccksichtigung der Tatsache, dass die Standards f\u00fcr die Saatgutzertifizierung eine Keimf\u00e4higkeit von mindestens 75 % erfordern)<\/p>\n<h4>Saatgut-Qualit\u00e4t<\/h4>\n<p>Keimf\u00e4higkeit : 91,8 %<\/p>\n<h4>Eigenschaften der Sorte<\/h4>\n<ul>\n<li>Typ : Einh\u00e4usig<\/li>\n<li>Gehalt : in \u03949-THC &lt; 0,2 %<\/li>\n<\/ul>\n<h4><b>Fruchtreife<\/b><\/h4>\n<p>Fr\u00fchbl\u00fchend : Zeitpunkt der Vollbl\u00fcte beobachtet am 04. August*<br \/>\n(auf dem Breitengrad von Le Mans)<\/p>\n<h4>Saatgutzusammensetzung:<\/h4>\n<p>F\u00fcr landwirtschaftliche und kosmetische Anwendungen:<\/p>\n<ul>\n<li>\u00d6lgehalt : 31,9%<\/li>\n<li>Omega-3-Gehalt : 14,5%<\/li>\n<li>Omega-6-Gehalt : 60,5%<\/li>\n<li>Protein-Gehalt : 23,9%<\/li>\n<\/ul>\n","protected":false},"excerpt":{"rendered":"<p>Fedora 17 liefert beeindruckende Samenertr\u00e4ge und bietet gleichzeitig den gro\u00dfen Vorteil der Strohproduktion. Sie ist eine ausgezeichnete Wahl f\u00fcr Landwirte, die eine Ernte mit minimalen Risiken in Bezug auf Fasern (geringerer Fasergehalt als Ferimon) und Samen mit betr\u00e4chtlichem CBD-Gehalt suchen.<\/p>\n","protected":false},"featured_media":79,"comment_status":"closed","ping_status":"closed","template":"","meta":[],"class_list":{"0":"post-91","1":"product","2":"type-product","3":"status-publish","4":"has-post-thumbnail","6":"product_cat-hanfsaatgut","7":"product_cat-mehrfachnutzung","8":"has-post-title","9":"has-post-date","10":"has-post-category","11":"has-post-tag","12":"has-post-comment","13":"has-post-author","14":"","16":"first","17":"instock","18":"shipping-taxable","19":"purchasable","20":"product-type-variable","21":"has-default-attributes"},"builder_content":"","_links":{"self":[{"href":"https:\/\/hemp-impact.com\/offer\/index.php?rest_route=\/wp\/v2\/product\/91","targetHints":{"allow":["GET"]}}],"collection":[{"href":"https:\/\/hemp-impact.com\/offer\/index.php?rest_route=\/wp\/v2\/product"}],"about":[{"href":"https:\/\/hemp-impact.com\/offer\/index.php?rest_route=\/wp\/v2\/types\/product"}],"replies":[{"embeddable":true,"href":"https:\/\/hemp-impact.com\/offer\/index.php?rest_route=%2Fwp%2Fv2%2Fcomments&post=91"}],"wp:featuredmedia":[{"embeddable":true,"href":"https:\/\/hemp-impact.com\/offer\/index.php?rest_route=\/wp\/v2\/media\/79"}],"wp:attachment":[{"href":"https:\/\/hemp-impact.com\/offer\/index.php?rest_route=%2Fwp%2Fv2%2Fmedia&parent=91"}],"curies":[{"name":"wp","href":"https:\/\/api.w.org\/{rel}","templated":true}]}}